{"id":8476,"date":"2022-04-26T10:34:47","date_gmt":"2022-04-26T17:34:47","guid":{"rendered":"https:\/\/abeyta-nelson-2022.local\/acerca-de\/"},"modified":"2024-06-06T12:56:38","modified_gmt":"2024-06-06T19:56:38","slug":"acerca-de","status":"publish","type":"page","link":"https:\/\/abeytanelson.com\/es\/acerca-de\/","title":{"rendered":"Acerca de"},"content":{"rendered":"","protected":false},"excerpt":{"rendered":"","protected":false},"author":4,"featured_media":0,"parent":0,"menu_order":0,"comment_status":"closed","ping_status":"closed","template":"","meta":{"_acf_changed":false,"footnotes":""},"class_list":["post-8476","page","type-page","status-publish","hentry"],"acf":[],"yoast_head":"<!-- This site is optimized with the Yoast SEO plugin v27.3 - https:\/\/yoast.com\/product\/yoast-seo-wordpress\/ -->\n<title>Acerca Nuestros Abogados de Lesiones Personales en Yakima<\/title>\n<meta name=\"description\" content=\"Una lesi\u00f3n grave o un accidente automovil\u00edstico puede ser un evento traum\u00e1tico que cambia la vida y deja a las familias confundidas, molestas y vulnerables.\" \/>\n<meta name=\"robots\" content=\"index, follow, max-snippet:-1, max-image-preview:large, max-video-preview:-1\" \/>\n<link rel=\"canonical\" href=\"https:\/\/abeytanelson.com\/es\/acerca-de\/\" \/>\n<meta property=\"og:locale\" content=\"es_ES\" \/>\n<meta property=\"og:type\" content=\"article\" \/>\n<meta property=\"og:title\" content=\"Acerca Nuestros Abogados de Lesiones Personales en Yakima\" \/>\n<meta property=\"og:description\" content=\"Una lesi\u00f3n grave o un accidente automovil\u00edstico puede ser un evento traum\u00e1tico que cambia la vida y deja a las familias confundidas, molestas y vulnerables.\" \/>\n<meta property=\"og:url\" content=\"https:\/\/abeytanelson.com\/es\/acerca-de\/\" \/>\n<meta property=\"og:site_name\" content=\"Abeyta Nelson Injury Law\" \/>\n<meta property=\"article:modified_time\" content=\"2024-06-06T19:56:38+00:00\" \/>\n<meta name=\"twitter:card\" content=\"summary_large_image\" \/>\n<script type=\"application\/ld+json\" class=\"yoast-schema-graph\">{\"@context\":\"https:\\\/\\\/schema.org\",\"@graph\":[{\"@type\":\"WebPage\",\"@id\":\"https:\\\/\\\/abeytanelson.com\\\/es\\\/acerca-de\\\/\",\"url\":\"https:\\\/\\\/abeytanelson.com\\\/es\\\/acerca-de\\\/\",\"name\":\"Acerca Nuestros Abogados de Lesiones Personales en Yakima\",\"isPartOf\":{\"@id\":\"https:\\\/\\\/abeytanelson.com\\\/es\\\/#website\"},\"datePublished\":\"2022-04-26T17:34:47+00:00\",\"dateModified\":\"2024-06-06T19:56:38+00:00\",\"description\":\"Una lesi\u00f3n grave o un accidente automovil\u00edstico puede ser un evento traum\u00e1tico que cambia la vida y deja a las familias confundidas, molestas y vulnerables.\",\"breadcrumb\":{\"@id\":\"https:\\\/\\\/abeytanelson.com\\\/es\\\/acerca-de\\\/#breadcrumb\"},\"inLanguage\":\"es\",\"potentialAction\":[{\"@type\":\"ReadAction\",\"target\":[\"https:\\\/\\\/abeytanelson.com\\\/es\\\/acerca-de\\\/\"]}]},{\"@type\":\"BreadcrumbList\",\"@id\":\"https:\\\/\\\/abeytanelson.com\\\/es\\\/acerca-de\\\/#breadcrumb\",\"itemListElement\":[{\"@type\":\"ListItem\",\"position\":1,\"name\":\"Home\",\"item\":\"https:\\\/\\\/abeytanelson.com\\\/es\\\/\"},{\"@type\":\"ListItem\",\"position\":2,\"name\":\"Acerca de\"}]},{\"@type\":\"WebSite\",\"@id\":\"https:\\\/\\\/abeytanelson.com\\\/es\\\/#website\",\"url\":\"https:\\\/\\\/abeytanelson.com\\\/es\\\/\",\"name\":\"Abeyta Nelson Injury Law\",\"description\":\"\",\"publisher\":{\"@id\":\"https:\\\/\\\/abeytanelson.com\\\/es\\\/#organization\"},\"potentialAction\":[{\"@type\":\"SearchAction\",\"target\":{\"@type\":\"EntryPoint\",\"urlTemplate\":\"https:\\\/\\\/abeytanelson.com\\\/es\\\/?s={search_term_string}\"},\"query-input\":{\"@type\":\"PropertyValueSpecification\",\"valueRequired\":true,\"valueName\":\"search_term_string\"}}],\"inLanguage\":\"es\"},{\"@type\":\"Organization\",\"@id\":\"https:\\\/\\\/abeytanelson.com\\\/es\\\/#organization\",\"name\":\"Abeyta Nelson Injury Law\",\"url\":\"https:\\\/\\\/abeytanelson.com\\\/es\\\/\",\"logo\":{\"@type\":\"ImageObject\",\"inLanguage\":\"es\",\"@id\":\"https:\\\/\\\/abeytanelson.com\\\/es\\\/#\\\/schema\\\/logo\\\/image\\\/\",\"url\":\"https:\\\/\\\/abeytanelson.com\\\/wp-content\\\/uploads\\\/2021\\\/12\\\/AB-Logo-footer.png\",\"contentUrl\":\"https:\\\/\\\/abeytanelson.com\\\/wp-content\\\/uploads\\\/2021\\\/12\\\/AB-Logo-footer.png\",\"width\":356,\"height\":282,\"caption\":\"Abeyta Nelson Injury Law\"},\"image\":{\"@id\":\"https:\\\/\\\/abeytanelson.com\\\/es\\\/#\\\/schema\\\/logo\\\/image\\\/\"}}]}<\/script>\n<!-- \/ Yoast SEO plugin. -->","yoast_head_json":{"title":"Acerca Nuestros Abogados de Lesiones Personales en Yakima","description":"Una lesi\u00f3n grave o un accidente automovil\u00edstico puede ser un evento traum\u00e1tico que cambia la vida y deja a las familias confundidas, molestas y vulnerables.","robots":{"index":"index","follow":"follow","max-snippet":"max-snippet:-1","max-image-preview":"max-image-preview:large","max-video-preview":"max-video-preview:-1"},"canonical":"https:\/\/abeytanelson.com\/es\/acerca-de\/","og_locale":"es_ES","og_type":"article","og_title":"Acerca Nuestros Abogados de Lesiones Personales en Yakima","og_description":"Una lesi\u00f3n grave o un accidente automovil\u00edstico puede ser un evento traum\u00e1tico que cambia la vida y deja a las familias confundidas, molestas y vulnerables.","og_url":"https:\/\/abeytanelson.com\/es\/acerca-de\/","og_site_name":"Abeyta Nelson Injury Law","article_modified_time":"2024-06-06T19:56:38+00:00","twitter_card":"summary_large_image","schema":{"@context":"https:\/\/schema.org","@graph":[{"@type":"WebPage","@id":"https:\/\/abeytanelson.com\/es\/acerca-de\/","url":"https:\/\/abeytanelson.com\/es\/acerca-de\/","name":"Acerca Nuestros Abogados de Lesiones Personales en Yakima","isPartOf":{"@id":"https:\/\/abeytanelson.com\/es\/#website"},"datePublished":"2022-04-26T17:34:47+00:00","dateModified":"2024-06-06T19:56:38+00:00","description":"Una lesi\u00f3n grave o un accidente automovil\u00edstico puede ser un evento traum\u00e1tico que cambia la vida y deja a las familias confundidas, molestas y vulnerables.","breadcrumb":{"@id":"https:\/\/abeytanelson.com\/es\/acerca-de\/#breadcrumb"},"inLanguage":"es","potentialAction":[{"@type":"ReadAction","target":["https:\/\/abeytanelson.com\/es\/acerca-de\/"]}]},{"@type":"BreadcrumbList","@id":"https:\/\/abeytanelson.com\/es\/acerca-de\/#breadcrumb","itemListElement":[{"@type":"ListItem","position":1,"name":"Home","item":"https:\/\/abeytanelson.com\/es\/"},{"@type":"ListItem","position":2,"name":"Acerca de"}]},{"@type":"WebSite","@id":"https:\/\/abeytanelson.com\/es\/#website","url":"https:\/\/abeytanelson.com\/es\/","name":"Abeyta Nelson Injury Law","description":"","publisher":{"@id":"https:\/\/abeytanelson.com\/es\/#organization"},"potentialAction":[{"@type":"SearchAction","target":{"@type":"EntryPoint","urlTemplate":"https:\/\/abeytanelson.com\/es\/?s={search_term_string}"},"query-input":{"@type":"PropertyValueSpecification","valueRequired":true,"valueName":"search_term_string"}}],"inLanguage":"es"},{"@type":"Organization","@id":"https:\/\/abeytanelson.com\/es\/#organization","name":"Abeyta Nelson Injury Law","url":"https:\/\/abeytanelson.com\/es\/","logo":{"@type":"ImageObject","inLanguage":"es","@id":"https:\/\/abeytanelson.com\/es\/#\/schema\/logo\/image\/","url":"https:\/\/abeytanelson.com\/wp-content\/uploads\/2021\/12\/AB-Logo-footer.png","contentUrl":"https:\/\/abeytanelson.com\/wp-content\/uploads\/2021\/12\/AB-Logo-footer.png","width":356,"height":282,"caption":"Abeyta Nelson Injury Law"},"image":{"@id":"https:\/\/abeytanelson.com\/es\/#\/schema\/logo\/image\/"}}]}},"_links":{"self":[{"href":"https:\/\/abeytanelson.com\/es\/wp-json\/wp\/v2\/pages\/8476","targetHints":{"allow":["GET"]}}],"collection":[{"href":"https:\/\/abeytanelson.com\/es\/wp-json\/wp\/v2\/pages"}],"about":[{"href":"https:\/\/abeytanelson.com\/es\/wp-json\/wp\/v2\/types\/page"}],"author":[{"embeddable":true,"href":"https:\/\/abeytanelson.com\/es\/wp-json\/wp\/v2\/users\/4"}],"replies":[{"embeddable":true,"href":"https:\/\/abeytanelson.com\/es\/wp-json\/wp\/v2\/comments?post=8476"}],"version-history":[{"count":0,"href":"https:\/\/abeytanelson.com\/es\/wp-json\/wp\/v2\/pages\/8476\/revisions"}],"wp:attachment":[{"href":"https:\/\/abeytanelson.com\/es\/wp-json\/wp\/v2\/media?parent=8476"}],"curies":[{"name":"wp","href":"https:\/\/api.w.org\/{rel}","templated":true}]}}