{"id":8478,"date":"2022-04-26T10:35:03","date_gmt":"2022-04-26T17:35:03","guid":{"rendered":"https:\/\/abeyta-nelson-2022.local\/abogados\/"},"modified":"2024-06-11T20:13:20","modified_gmt":"2024-06-12T03:13:20","slug":"abogados","status":"publish","type":"page","link":"https:\/\/abeytanelson.com\/es\/abogados\/","title":{"rendered":"Abogados"},"content":{"rendered":"","protected":false},"excerpt":{"rendered":"","protected":false},"author":4,"featured_media":0,"parent":0,"menu_order":0,"comment_status":"closed","ping_status":"closed","template":"","meta":{"_acf_changed":false,"footnotes":""},"class_list":["post-8478","page","type-page","status-publish","hentry"],"acf":[],"yoast_head":"<!-- This site is optimized with the Yoast SEO plugin v27.3 - https:\/\/yoast.com\/product\/yoast-seo-wordpress\/ -->\n<title>Abogados de Lesiones Personales Washington<\/title>\n<meta name=\"description\" content=\"Los abogados con experiencia en accidentes automovil\u00edsticos de Abeyta Nelson Injury Law est\u00e1n dedicados a brindar orientaci\u00f3n experta a trav\u00e9s de su caso de accidente o lesiones en Yakima.\" \/>\n<meta name=\"robots\" content=\"index, follow, max-snippet:-1, max-image-preview:large, max-video-preview:-1\" \/>\n<link rel=\"canonical\" href=\"https:\/\/abeytanelson.com\/es\/abogados\/\" \/>\n<meta property=\"og:locale\" content=\"es_ES\" \/>\n<meta property=\"og:type\" content=\"article\" \/>\n<meta property=\"og:title\" content=\"Abogados de Lesiones Personales Washington\" \/>\n<meta property=\"og:description\" content=\"Los abogados con experiencia en accidentes automovil\u00edsticos de Abeyta Nelson Injury Law est\u00e1n dedicados a brindar orientaci\u00f3n experta a trav\u00e9s de su caso de accidente o lesiones en Yakima.\" \/>\n<meta property=\"og:url\" content=\"https:\/\/abeytanelson.com\/es\/abogados\/\" \/>\n<meta property=\"og:site_name\" content=\"Abeyta Nelson Injury Law\" \/>\n<meta property=\"article:modified_time\" content=\"2024-06-12T03:13:20+00:00\" \/>\n<meta name=\"twitter:card\" content=\"summary_large_image\" \/>\n<script type=\"application\/ld+json\" class=\"yoast-schema-graph\">{\"@context\":\"https:\\\/\\\/schema.org\",\"@graph\":[{\"@type\":\"WebPage\",\"@id\":\"https:\\\/\\\/abeytanelson.com\\\/es\\\/abogados\\\/\",\"url\":\"https:\\\/\\\/abeytanelson.com\\\/es\\\/abogados\\\/\",\"name\":\"Abogados de Lesiones Personales Washington\",\"isPartOf\":{\"@id\":\"https:\\\/\\\/abeytanelson.com\\\/es\\\/#website\"},\"datePublished\":\"2022-04-26T17:35:03+00:00\",\"dateModified\":\"2024-06-12T03:13:20+00:00\",\"description\":\"Los abogados con experiencia en accidentes automovil\u00edsticos de Abeyta Nelson Injury Law est\u00e1n dedicados a brindar orientaci\u00f3n experta a trav\u00e9s de su caso de accidente o lesiones en Yakima.\",\"breadcrumb\":{\"@id\":\"https:\\\/\\\/abeytanelson.com\\\/es\\\/abogados\\\/#breadcrumb\"},\"inLanguage\":\"es\",\"potentialAction\":[{\"@type\":\"ReadAction\",\"target\":[\"https:\\\/\\\/abeytanelson.com\\\/es\\\/abogados\\\/\"]}]},{\"@type\":\"BreadcrumbList\",\"@id\":\"https:\\\/\\\/abeytanelson.com\\\/es\\\/abogados\\\/#breadcrumb\",\"itemListElement\":[{\"@type\":\"ListItem\",\"position\":1,\"name\":\"Home\",\"item\":\"https:\\\/\\\/abeytanelson.com\\\/es\\\/\"},{\"@type\":\"ListItem\",\"position\":2,\"name\":\"Abogados\"}]},{\"@type\":\"WebSite\",\"@id\":\"https:\\\/\\\/abeytanelson.com\\\/es\\\/#website\",\"url\":\"https:\\\/\\\/abeytanelson.com\\\/es\\\/\",\"name\":\"Abeyta Nelson Injury Law\",\"description\":\"\",\"publisher\":{\"@id\":\"https:\\\/\\\/abeytanelson.com\\\/es\\\/#organization\"},\"potentialAction\":[{\"@type\":\"SearchAction\",\"target\":{\"@type\":\"EntryPoint\",\"urlTemplate\":\"https:\\\/\\\/abeytanelson.com\\\/es\\\/?s={search_term_string}\"},\"query-input\":{\"@type\":\"PropertyValueSpecification\",\"valueRequired\":true,\"valueName\":\"search_term_string\"}}],\"inLanguage\":\"es\"},{\"@type\":\"Organization\",\"@id\":\"https:\\\/\\\/abeytanelson.com\\\/es\\\/#organization\",\"name\":\"Abeyta Nelson Injury Law\",\"url\":\"https:\\\/\\\/abeytanelson.com\\\/es\\\/\",\"logo\":{\"@type\":\"ImageObject\",\"inLanguage\":\"es\",\"@id\":\"https:\\\/\\\/abeytanelson.com\\\/es\\\/#\\\/schema\\\/logo\\\/image\\\/\",\"url\":\"https:\\\/\\\/abeytanelson.com\\\/wp-content\\\/uploads\\\/2021\\\/12\\\/AB-Logo-footer.png\",\"contentUrl\":\"https:\\\/\\\/abeytanelson.com\\\/wp-content\\\/uploads\\\/2021\\\/12\\\/AB-Logo-footer.png\",\"width\":356,\"height\":282,\"caption\":\"Abeyta Nelson Injury Law\"},\"image\":{\"@id\":\"https:\\\/\\\/abeytanelson.com\\\/es\\\/#\\\/schema\\\/logo\\\/image\\\/\"}}]}<\/script>\n<!-- \/ Yoast SEO plugin. -->","yoast_head_json":{"title":"Abogados de Lesiones Personales Washington","description":"Los abogados con experiencia en accidentes automovil\u00edsticos de Abeyta Nelson Injury Law est\u00e1n dedicados a brindar orientaci\u00f3n experta a trav\u00e9s de su caso de accidente o lesiones en Yakima.","robots":{"index":"index","follow":"follow","max-snippet":"max-snippet:-1","max-image-preview":"max-image-preview:large","max-video-preview":"max-video-preview:-1"},"canonical":"https:\/\/abeytanelson.com\/es\/abogados\/","og_locale":"es_ES","og_type":"article","og_title":"Abogados de Lesiones Personales Washington","og_description":"Los abogados con experiencia en accidentes automovil\u00edsticos de Abeyta Nelson Injury Law est\u00e1n dedicados a brindar orientaci\u00f3n experta a trav\u00e9s de su caso de accidente o lesiones en Yakima.","og_url":"https:\/\/abeytanelson.com\/es\/abogados\/","og_site_name":"Abeyta Nelson Injury Law","article_modified_time":"2024-06-12T03:13:20+00:00","twitter_card":"summary_large_image","schema":{"@context":"https:\/\/schema.org","@graph":[{"@type":"WebPage","@id":"https:\/\/abeytanelson.com\/es\/abogados\/","url":"https:\/\/abeytanelson.com\/es\/abogados\/","name":"Abogados de Lesiones Personales Washington","isPartOf":{"@id":"https:\/\/abeytanelson.com\/es\/#website"},"datePublished":"2022-04-26T17:35:03+00:00","dateModified":"2024-06-12T03:13:20+00:00","description":"Los abogados con experiencia en accidentes automovil\u00edsticos de Abeyta Nelson Injury Law est\u00e1n dedicados a brindar orientaci\u00f3n experta a trav\u00e9s de su caso de accidente o lesiones en Yakima.","breadcrumb":{"@id":"https:\/\/abeytanelson.com\/es\/abogados\/#breadcrumb"},"inLanguage":"es","potentialAction":[{"@type":"ReadAction","target":["https:\/\/abeytanelson.com\/es\/abogados\/"]}]},{"@type":"BreadcrumbList","@id":"https:\/\/abeytanelson.com\/es\/abogados\/#breadcrumb","itemListElement":[{"@type":"ListItem","position":1,"name":"Home","item":"https:\/\/abeytanelson.com\/es\/"},{"@type":"ListItem","position":2,"name":"Abogados"}]},{"@type":"WebSite","@id":"https:\/\/abeytanelson.com\/es\/#website","url":"https:\/\/abeytanelson.com\/es\/","name":"Abeyta Nelson Injury Law","description":"","publisher":{"@id":"https:\/\/abeytanelson.com\/es\/#organization"},"potentialAction":[{"@type":"SearchAction","target":{"@type":"EntryPoint","urlTemplate":"https:\/\/abeytanelson.com\/es\/?s={search_term_string}"},"query-input":{"@type":"PropertyValueSpecification","valueRequired":true,"valueName":"search_term_string"}}],"inLanguage":"es"},{"@type":"Organization","@id":"https:\/\/abeytanelson.com\/es\/#organization","name":"Abeyta Nelson Injury Law","url":"https:\/\/abeytanelson.com\/es\/","logo":{"@type":"ImageObject","inLanguage":"es","@id":"https:\/\/abeytanelson.com\/es\/#\/schema\/logo\/image\/","url":"https:\/\/abeytanelson.com\/wp-content\/uploads\/2021\/12\/AB-Logo-footer.png","contentUrl":"https:\/\/abeytanelson.com\/wp-content\/uploads\/2021\/12\/AB-Logo-footer.png","width":356,"height":282,"caption":"Abeyta Nelson Injury Law"},"image":{"@id":"https:\/\/abeytanelson.com\/es\/#\/schema\/logo\/image\/"}}]}},"_links":{"self":[{"href":"https:\/\/abeytanelson.com\/es\/wp-json\/wp\/v2\/pages\/8478","targetHints":{"allow":["GET"]}}],"collection":[{"href":"https:\/\/abeytanelson.com\/es\/wp-json\/wp\/v2\/pages"}],"about":[{"href":"https:\/\/abeytanelson.com\/es\/wp-json\/wp\/v2\/types\/page"}],"author":[{"embeddable":true,"href":"https:\/\/abeytanelson.com\/es\/wp-json\/wp\/v2\/users\/4"}],"replies":[{"embeddable":true,"href":"https:\/\/abeytanelson.com\/es\/wp-json\/wp\/v2\/comments?post=8478"}],"version-history":[{"count":0,"href":"https:\/\/abeytanelson.com\/es\/wp-json\/wp\/v2\/pages\/8478\/revisions"}],"wp:attachment":[{"href":"https:\/\/abeytanelson.com\/es\/wp-json\/wp\/v2\/media?parent=8478"}],"curies":[{"name":"wp","href":"https:\/\/api.w.org\/{rel}","templated":true}]}}