{"id":9079,"date":"2025-03-25T05:20:59","date_gmt":"2025-03-25T10:20:59","guid":{"rendered":"http:\/\/abeytanelson.com\/empleo\/"},"modified":"2026-03-09T11:34:00","modified_gmt":"2026-03-09T16:34:00","slug":"empleo","status":"publish","type":"page","link":"https:\/\/abeytanelson.com\/es\/empleo\/","title":{"rendered":"Empleo"},"content":{"rendered":"\t\t<div data-elementor-type=\"wp-post\" data-elementor-id=\"9079\" class=\"elementor elementor-9079 elementor-3619\" data-elementor-post-type=\"page\">\n\t\t\t\t<div class=\"elementor-element elementor-element-54a7228 e-con-full e-flex e-con e-parent\" data-id=\"54a7228\" data-element_type=\"container\" data-e-type=\"container\" data-settings=\"{&quot;background_background&quot;:&quot;classic&quot;}\">\n\t\t<div class=\"elementor-element elementor-element-4ea2daa e-con-full e-flex elementor-invisible e-con e-child\" data-id=\"4ea2daa\" data-element_type=\"container\" data-e-type=\"container\" data-settings=\"{&quot;background_background&quot;:&quot;classic&quot;,&quot;animation&quot;:&quot;fadeIn&quot;,&quot;animation_delay&quot;:500}\">\n\t\t<div class=\"elementor-element elementor-element-9f2abd7 e-flex e-con-boxed e-con e-child\" data-id=\"9f2abd7\" data-element_type=\"container\" data-e-type=\"container\">\n\t\t\t\t\t<div class=\"e-con-inner\">\n\t\t\t\t<div class=\"elementor-element elementor-element-25d3a4d elementor-widget__width-initial elementor-widget-mobile__width-inherit elementor-widget elementor-widget-heading\" data-id=\"25d3a4d\" data-element_type=\"widget\" data-e-type=\"widget\" data-widget_type=\"heading.default\">\n\t\t\t\t<div class=\"elementor-widget-container\">\n\t\t\t\t\t<h1 class=\"elementor-heading-title elementor-size-default\">\u00danase al equipo de Abeyta Nelson<\/h1>\t\t\t\t<\/div>\n\t\t\t\t<\/div>\n\t\t\t\t<div class=\"elementor-element elementor-element-30b0db5 elementor-widget-divider--view-line elementor-widget elementor-widget-global elementor-global-9178 elementor-global-4527 elementor-widget-divider\" data-id=\"30b0db5\" data-element_type=\"widget\" data-e-type=\"widget\" data-widget_type=\"divider.default\">\n\t\t\t\t<div class=\"elementor-widget-container\">\n\t\t\t\t\t\t\t<div class=\"elementor-divider\">\n\t\t\t<span class=\"elementor-divider-separator\">\n\t\t\t\t\t\t<\/span>\n\t\t<\/div>\n\t\t\t\t\t\t<\/div>\n\t\t\t\t<\/div>\n\t\t\t\t<div class=\"elementor-element elementor-element-056cea0 elementor-widget-tablet__width-inherit elementor-widget__width-initial elementor-widget elementor-widget-text-editor\" data-id=\"056cea0\" data-element_type=\"widget\" data-e-type=\"widget\" data-widget_type=\"text-editor.default\">\n\t\t\t\t<div class=\"elementor-widget-container\">\n\t\t\t\t\t\t\t\t\t\u00bfLe gustar\u00eda unirse al bufete de abogados de da\u00f1os personales l\u00edder en el centro de Washington? \t\t\t\t\t\t\t\t<\/div>\n\t\t\t\t<\/div>\n\t\t\t\t\t<\/div>\n\t\t\t\t<\/div>\n\t\t\t\t<\/div>\n\t\t<div class=\"elementor-element elementor-element-0362f9a e-con-full elementor-hidden-desktop e-flex e-con e-child\" data-id=\"0362f9a\" data-element_type=\"container\" data-e-type=\"container\" data-settings=\"{&quot;background_background&quot;:&quot;classic&quot;}\">\n\t\t\t\t<\/div>\n\t\t\t\t<\/div>\n\t\t<div class=\"elementor-element elementor-element-2ad1bb1 e-flex e-con-boxed e-con e-parent\" data-id=\"2ad1bb1\" data-element_type=\"container\" data-e-type=\"container\" data-settings=\"{&quot;background_background&quot;:&quot;classic&quot;}\">\n\t\t\t\t\t<div class=\"e-con-inner\">\n\t\t<div class=\"elementor-element elementor-element-3183687 e-con-full e-flex e-con e-child\" data-id=\"3183687\" data-element_type=\"container\" data-e-type=\"container\">\n\t\t\t\t<div class=\"elementor-element elementor-element-d301b74 elementor-widget-tablet__width-inherit elementor-widget elementor-widget-text-editor\" data-id=\"d301b74\" data-element_type=\"widget\" data-e-type=\"widget\" data-widget_type=\"text-editor.default\">\n\t\t\t\t<div class=\"elementor-widget-container\">\n\t\t\t\t\t\t\t\t\t\u00a1En Abeyta Nelson siempre estamos interesados en conocer a empleados potenciales con talento para que se unan a nuestro equipo!\t\t\t\t\t\t\t\t<\/div>\n\t\t\t\t<\/div>\n\t\t\t\t<div class=\"elementor-element elementor-element-09fb0a0 elementor-widget elementor-widget-text-editor\" data-id=\"09fb0a0\" data-element_type=\"widget\" data-e-type=\"widget\" data-widget_type=\"text-editor.default\">\n\t\t\t\t<div class=\"elementor-widget-container\">\n\t\t\t\t\t\t\t\t\t<p>Abeyta Nelson Injury Law presta servicios a sus clientes desde sus oficinas en <a href=\"https:\/\/abeytanelson.com\/es\/location\/yakima\/\">Yakima<\/a>, <a href=\"https:\/\/abeytanelson.com\/es\/location\/ellensburg\/\">Ellensburg<\/a> y <a href=\"https:\/\/abeytanelson.com\/es\/location\/sunnyside\/\">Sunnyside<\/a>, y estamos orgullosos de trabajar con un equipo dedicado de cinco abogados y un personal de apoyo de 11 personas que siguen haciendo de nosotros el exitoso bufete que somos hoy.<\/p><p>Aunque no estamos contratando personal en este momento, por favor, vuelva a consultar m\u00e1s adelante para ver las ofertas de empleo actualizadas.<\/p>\t\t\t\t\t\t\t\t<\/div>\n\t\t\t\t<\/div>\n\t\t\t\t<\/div>\n\t\t\t\t\t<\/div>\n\t\t\t\t<\/div>\n\t\t\t\t<\/div>\n\t\t","protected":false},"excerpt":{"rendered":"<p>\u00danase al equipo de Abeyta Nelson \u00bfLe gustar\u00eda unirse al bufete de abogados de da\u00f1os personales l\u00edder en el centro de Washington? \u00a1En Abeyta Nelson siempre estamos interesados en conocer a empleados potenciales con talento para que se unan a nuestro equipo! Abeyta Nelson Injury Law presta servicios a sus clientes desde sus oficinas en [&hellip;]<\/p>\n","protected":false},"author":2,"featured_media":8629,"parent":0,"menu_order":0,"comment_status":"closed","ping_status":"closed","template":"elementor_header_footer","meta":{"_acf_changed":false,"footnotes":""},"class_list":["post-9079","page","type-page","status-publish","has-post-thumbnail","hentry"],"acf":[],"yoast_head":"<!-- This site is optimized with the Yoast SEO plugin v27.3 - https:\/\/yoast.com\/product\/yoast-seo-wordpress\/ -->\n<title>Oportunidades de empleo para abogados | Derecho de da\u00f1os personales<\/title>\n<meta name=\"description\" content=\"Si est\u00e1 interesado en unirse al bufete de abogados de lesiones l\u00edder en el centro de Washington, p\u00f3ngase en contacto con el equipo de Abeyta Nelson Injury Law para conocer las oportunidades de empleo.\" \/>\n<meta name=\"robots\" content=\"index, follow, max-snippet:-1, max-image-preview:large, max-video-preview:-1\" \/>\n<link rel=\"canonical\" href=\"https:\/\/abeytanelson.com\/es\/empleo\/\" \/>\n<meta property=\"og:locale\" content=\"es_ES\" \/>\n<meta property=\"og:type\" content=\"article\" \/>\n<meta property=\"og:title\" content=\"Oportunidades de empleo para abogados | Derecho de da\u00f1os personales\" \/>\n<meta property=\"og:description\" content=\"Si est\u00e1 interesado en unirse al bufete de abogados de lesiones l\u00edder en el centro de Washington, p\u00f3ngase en contacto con el equipo de Abeyta Nelson Injury Law para conocer las oportunidades de empleo.\" \/>\n<meta property=\"og:url\" content=\"https:\/\/abeytanelson.com\/es\/empleo\/\" \/>\n<meta property=\"og:site_name\" content=\"Abeyta Nelson Injury Law\" \/>\n<meta property=\"article:publisher\" content=\"https:\/\/www.facebook.com\/people\/Abeyta-Nelson-Injury-Law\/100063503115654\/\" \/>\n<meta property=\"article:modified_time\" content=\"2026-03-09T16:34:00+00:00\" \/>\n<meta property=\"og:image\" content=\"https:\/\/abeytanelson.com\/wp-content\/uploads\/2026\/02\/Employment.jpg\" \/>\n\t<meta property=\"og:image:width\" content=\"1200\" \/>\n\t<meta property=\"og:image:height\" content=\"630\" \/>\n\t<meta property=\"og:image:type\" content=\"image\/jpeg\" \/>\n<meta name=\"twitter:card\" content=\"summary_large_image\" \/>\n<meta name=\"twitter:label1\" content=\"Tiempo de lectura\" \/>\n\t<meta name=\"twitter:data1\" content=\"1 minuto\" \/>\n<script type=\"application\/ld+json\" class=\"yoast-schema-graph\">{\"@context\":\"https:\\\/\\\/schema.org\",\"@graph\":[{\"@type\":\"WebPage\",\"@id\":\"https:\\\/\\\/abeytanelson.com\\\/es\\\/empleo\\\/\",\"url\":\"https:\\\/\\\/abeytanelson.com\\\/es\\\/empleo\\\/\",\"name\":\"Oportunidades de empleo para abogados | Derecho de da\u00f1os personales\",\"isPartOf\":{\"@id\":\"https:\\\/\\\/abeytanelson.com\\\/es\\\/#website\"},\"primaryImageOfPage\":{\"@id\":\"https:\\\/\\\/abeytanelson.com\\\/es\\\/empleo\\\/#primaryimage\"},\"image\":{\"@id\":\"https:\\\/\\\/abeytanelson.com\\\/es\\\/empleo\\\/#primaryimage\"},\"thumbnailUrl\":\"https:\\\/\\\/abeytanelson.com\\\/wp-content\\\/uploads\\\/2026\\\/02\\\/Employment.jpg\",\"datePublished\":\"2025-03-25T10:20:59+00:00\",\"dateModified\":\"2026-03-09T16:34:00+00:00\",\"description\":\"Si est\u00e1 interesado en unirse al bufete de abogados de lesiones l\u00edder en el centro de Washington, p\u00f3ngase en contacto con el equipo de Abeyta Nelson Injury Law para conocer las oportunidades de empleo.\",\"breadcrumb\":{\"@id\":\"https:\\\/\\\/abeytanelson.com\\\/es\\\/empleo\\\/#breadcrumb\"},\"inLanguage\":\"es\",\"potentialAction\":[{\"@type\":\"ReadAction\",\"target\":[\"https:\\\/\\\/abeytanelson.com\\\/es\\\/empleo\\\/\"]}]},{\"@type\":\"ImageObject\",\"inLanguage\":\"es\",\"@id\":\"https:\\\/\\\/abeytanelson.com\\\/es\\\/empleo\\\/#primaryimage\",\"url\":\"https:\\\/\\\/abeytanelson.com\\\/wp-content\\\/uploads\\\/2026\\\/02\\\/Employment.jpg\",\"contentUrl\":\"https:\\\/\\\/abeytanelson.com\\\/wp-content\\\/uploads\\\/2026\\\/02\\\/Employment.jpg\",\"width\":1200,\"height\":630,\"caption\":\"Una pared con premios enmarcados, certificados y una portada de revista con tres personas, que representan a Abeyta Nelson Injury Law. El logotipo del bufete es visible en la esquina inferior izquierda.\"},{\"@type\":\"BreadcrumbList\",\"@id\":\"https:\\\/\\\/abeytanelson.com\\\/es\\\/empleo\\\/#breadcrumb\",\"itemListElement\":[{\"@type\":\"ListItem\",\"position\":1,\"name\":\"Home\",\"item\":\"https:\\\/\\\/abeytanelson.com\\\/es\\\/inicio\\\/\"},{\"@type\":\"ListItem\",\"position\":2,\"name\":\"Empleo\"}]},{\"@type\":\"WebSite\",\"@id\":\"https:\\\/\\\/abeytanelson.com\\\/es\\\/#website\",\"url\":\"https:\\\/\\\/abeytanelson.com\\\/es\\\/\",\"name\":\"Abeyta Nelson Injury Law\",\"description\":\"\",\"publisher\":{\"@id\":\"https:\\\/\\\/abeytanelson.com\\\/es\\\/#organization\"},\"potentialAction\":[{\"@type\":\"SearchAction\",\"target\":{\"@type\":\"EntryPoint\",\"urlTemplate\":\"https:\\\/\\\/abeytanelson.com\\\/es\\\/?s={search_term_string}\"},\"query-input\":{\"@type\":\"PropertyValueSpecification\",\"valueRequired\":true,\"valueName\":\"search_term_string\"}}],\"inLanguage\":\"es\"},{\"@type\":\"Organization\",\"@id\":\"https:\\\/\\\/abeytanelson.com\\\/es\\\/#organization\",\"name\":\"Abeyta Nelson Injury Law\",\"url\":\"https:\\\/\\\/abeytanelson.com\\\/es\\\/\",\"logo\":{\"@type\":\"ImageObject\",\"inLanguage\":\"es\",\"@id\":\"https:\\\/\\\/abeytanelson.com\\\/es\\\/#\\\/schema\\\/logo\\\/image\\\/\",\"url\":\"https:\\\/\\\/abeytanelson.com\\\/wp-content\\\/uploads\\\/2020\\\/02\\\/new-Logo-container.svg\",\"contentUrl\":\"https:\\\/\\\/abeytanelson.com\\\/wp-content\\\/uploads\\\/2020\\\/02\\\/new-Logo-container.svg\",\"width\":214,\"height\":67,\"caption\":\"Abeyta Nelson Injury Law\"},\"image\":{\"@id\":\"https:\\\/\\\/abeytanelson.com\\\/es\\\/#\\\/schema\\\/logo\\\/image\\\/\"},\"sameAs\":[\"https:\\\/\\\/www.facebook.com\\\/people\\\/Abeyta-Nelson-Injury-Law\\\/100063503115654\\\/\",\"https:\\\/\\\/www.yelp.com\\\/biz\\\/abeyta-nelson-injury-law-yakima?osq=abeyta nelson injury law\",\"https:\\\/\\\/www.instagram.com\\\/abeytanelsoninjurylaw\\\/\",\"https:\\\/\\\/www.linkedin.com\\\/company\\\/abeyta-nelson-injury-law\\\/\"]}]}<\/script>\n<!-- \/ Yoast SEO plugin. -->","yoast_head_json":{"title":"Oportunidades de empleo para abogados | Derecho de da\u00f1os personales","description":"Si est\u00e1 interesado en unirse al bufete de abogados de lesiones l\u00edder en el centro de Washington, p\u00f3ngase en contacto con el equipo de Abeyta Nelson Injury Law para conocer las oportunidades de empleo.","robots":{"index":"index","follow":"follow","max-snippet":"max-snippet:-1","max-image-preview":"max-image-preview:large","max-video-preview":"max-video-preview:-1"},"canonical":"https:\/\/abeytanelson.com\/es\/empleo\/","og_locale":"es_ES","og_type":"article","og_title":"Oportunidades de empleo para abogados | Derecho de da\u00f1os personales","og_description":"Si est\u00e1 interesado en unirse al bufete de abogados de lesiones l\u00edder en el centro de Washington, p\u00f3ngase en contacto con el equipo de Abeyta Nelson Injury Law para conocer las oportunidades de empleo.","og_url":"https:\/\/abeytanelson.com\/es\/empleo\/","og_site_name":"Abeyta Nelson Injury Law","article_publisher":"https:\/\/www.facebook.com\/people\/Abeyta-Nelson-Injury-Law\/100063503115654\/","article_modified_time":"2026-03-09T16:34:00+00:00","og_image":[{"width":1200,"height":630,"url":"https:\/\/abeytanelson.com\/wp-content\/uploads\/2026\/02\/Employment.jpg","type":"image\/jpeg"}],"twitter_card":"summary_large_image","twitter_misc":{"Tiempo de lectura":"1 minuto"},"schema":{"@context":"https:\/\/schema.org","@graph":[{"@type":"WebPage","@id":"https:\/\/abeytanelson.com\/es\/empleo\/","url":"https:\/\/abeytanelson.com\/es\/empleo\/","name":"Oportunidades de empleo para abogados | Derecho de da\u00f1os personales","isPartOf":{"@id":"https:\/\/abeytanelson.com\/es\/#website"},"primaryImageOfPage":{"@id":"https:\/\/abeytanelson.com\/es\/empleo\/#primaryimage"},"image":{"@id":"https:\/\/abeytanelson.com\/es\/empleo\/#primaryimage"},"thumbnailUrl":"https:\/\/abeytanelson.com\/wp-content\/uploads\/2026\/02\/Employment.jpg","datePublished":"2025-03-25T10:20:59+00:00","dateModified":"2026-03-09T16:34:00+00:00","description":"Si est\u00e1 interesado en unirse al bufete de abogados de lesiones l\u00edder en el centro de Washington, p\u00f3ngase en contacto con el equipo de Abeyta Nelson Injury Law para conocer las oportunidades de empleo.","breadcrumb":{"@id":"https:\/\/abeytanelson.com\/es\/empleo\/#breadcrumb"},"inLanguage":"es","potentialAction":[{"@type":"ReadAction","target":["https:\/\/abeytanelson.com\/es\/empleo\/"]}]},{"@type":"ImageObject","inLanguage":"es","@id":"https:\/\/abeytanelson.com\/es\/empleo\/#primaryimage","url":"https:\/\/abeytanelson.com\/wp-content\/uploads\/2026\/02\/Employment.jpg","contentUrl":"https:\/\/abeytanelson.com\/wp-content\/uploads\/2026\/02\/Employment.jpg","width":1200,"height":630,"caption":"Una pared con premios enmarcados, certificados y una portada de revista con tres personas, que representan a Abeyta Nelson Injury Law. El logotipo del bufete es visible en la esquina inferior izquierda."},{"@type":"BreadcrumbList","@id":"https:\/\/abeytanelson.com\/es\/empleo\/#breadcrumb","itemListElement":[{"@type":"ListItem","position":1,"name":"Home","item":"https:\/\/abeytanelson.com\/es\/inicio\/"},{"@type":"ListItem","position":2,"name":"Empleo"}]},{"@type":"WebSite","@id":"https:\/\/abeytanelson.com\/es\/#website","url":"https:\/\/abeytanelson.com\/es\/","name":"Abeyta Nelson Injury Law","description":"","publisher":{"@id":"https:\/\/abeytanelson.com\/es\/#organization"},"potentialAction":[{"@type":"SearchAction","target":{"@type":"EntryPoint","urlTemplate":"https:\/\/abeytanelson.com\/es\/?s={search_term_string}"},"query-input":{"@type":"PropertyValueSpecification","valueRequired":true,"valueName":"search_term_string"}}],"inLanguage":"es"},{"@type":"Organization","@id":"https:\/\/abeytanelson.com\/es\/#organization","name":"Abeyta Nelson Injury Law","url":"https:\/\/abeytanelson.com\/es\/","logo":{"@type":"ImageObject","inLanguage":"es","@id":"https:\/\/abeytanelson.com\/es\/#\/schema\/logo\/image\/","url":"https:\/\/abeytanelson.com\/wp-content\/uploads\/2020\/02\/new-Logo-container.svg","contentUrl":"https:\/\/abeytanelson.com\/wp-content\/uploads\/2020\/02\/new-Logo-container.svg","width":214,"height":67,"caption":"Abeyta Nelson Injury Law"},"image":{"@id":"https:\/\/abeytanelson.com\/es\/#\/schema\/logo\/image\/"},"sameAs":["https:\/\/www.facebook.com\/people\/Abeyta-Nelson-Injury-Law\/100063503115654\/","https:\/\/www.yelp.com\/biz\/abeyta-nelson-injury-law-yakima?osq=abeyta nelson injury law","https:\/\/www.instagram.com\/abeytanelsoninjurylaw\/","https:\/\/www.linkedin.com\/company\/abeyta-nelson-injury-law\/"]}]}},"_links":{"self":[{"href":"https:\/\/abeytanelson.com\/es\/wp-json\/wp\/v2\/pages\/9079","targetHints":{"allow":["GET"]}}],"collection":[{"href":"https:\/\/abeytanelson.com\/es\/wp-json\/wp\/v2\/pages"}],"about":[{"href":"https:\/\/abeytanelson.com\/es\/wp-json\/wp\/v2\/types\/page"}],"author":[{"embeddable":true,"href":"https:\/\/abeytanelson.com\/es\/wp-json\/wp\/v2\/users\/2"}],"replies":[{"embeddable":true,"href":"https:\/\/abeytanelson.com\/es\/wp-json\/wp\/v2\/comments?post=9079"}],"version-history":[{"count":5,"href":"https:\/\/abeytanelson.com\/es\/wp-json\/wp\/v2\/pages\/9079\/revisions"}],"predecessor-version":[{"id":9885,"href":"https:\/\/abeytanelson.com\/es\/wp-json\/wp\/v2\/pages\/9079\/revisions\/9885"}],"wp:featuredmedia":[{"embeddable":true,"href":"https:\/\/abeytanelson.com\/es\/wp-json\/wp\/v2\/media\/8629"}],"wp:attachment":[{"href":"https:\/\/abeytanelson.com\/es\/wp-json\/wp\/v2\/media?parent=9079"}],"curies":[{"name":"wp","href":"https:\/\/api.w.org\/{rel}","templated":true}]}}